{"id":302,"date":"2024-09-23T15:40:15","date_gmt":"2024-09-23T15:40:15","guid":{"rendered":"https:\/\/refidxb.com\/?page_id=302"},"modified":"2024-09-25T08:35:03","modified_gmt":"2024-09-25T08:35:03","slug":"terms-and-conditions","status":"publish","type":"page","link":"https:\/\/refidxb.com\/de\/terms-and-conditions\/","title":{"rendered":"Terms and Conditions"},"content":{"rendered":"<div data-elementor-type=\"wp-page\" data-elementor-id=\"302\" class=\"elementor elementor-302\" data-elementor-post-type=\"page\">\n\t\t\t\t\t\t<section class=\"elementor-section elementor-top-section elementor-element elementor-element-7b15aa4 elementor-section-full_width elementor-section-height-default elementor-section-height-default\" data-id=\"7b15aa4\" data-element_type=\"section\">\n\t\t\t\t\t\t<div class=\"elementor-container elementor-column-gap-default\">\n\t\t\t\t\t<div class=\"elementor-column elementor-col-100 elementor-top-column elementor-element elementor-element-f2e6c70\" data-id=\"f2e6c70\" data-element_type=\"column\">\n\t\t\t<div class=\"elementor-widget-wrap elementor-element-populated\">\n\t\t\t\t\t\t<section class=\"elementor-section elementor-inner-section elementor-element elementor-element-12e2333 elementor-section-boxed elementor-section-height-default elementor-section-height-default\" data-id=\"12e2333\" data-element_type=\"section\">\n\t\t\t\t\t\t<div class=\"elementor-container elementor-column-gap-default\">\n\t\t\t\t\t<div class=\"elementor-column elementor-col-100 elementor-inner-column elementor-element elementor-element-5f0fc77\" data-id=\"5f0fc77\" data-element_type=\"column\">\n\t\t\t<div class=\"elementor-widget-wrap elementor-element-populated\">\n\t\t\t\t\t\t<div class=\"elementor-element elementor-element-b5cf59f elementor-widget elementor-widget-heading\" data-id=\"b5cf59f\" data-element_type=\"widget\" data-widget_type=\"heading.default\">\n\t\t\t\t<div class=\"elementor-widget-container\">\n\t\t\t<h2 class=\"elementor-heading-title elementor-size-default\">Bedingungen und Konditionen<\/h2>\t\t<\/div>\n\t\t\t\t<\/div>\n\t\t\t\t<div class=\"elementor-element elementor-element-f2a0383 elementor-widget__width-inherit elementor-widget elementor-widget-text-editor\" data-id=\"f2a0383\" data-element_type=\"widget\" data-widget_type=\"text-editor.default\">\n\t\t\t\t<div class=\"elementor-widget-container\">\n\t\t\t\t\t\t\t<p>Unser Unternehmen, Immodxxb Properties LLC, stellt diese Website nur zu Informationszwecken zur Verf\u00fcgung. Die Nutzung der Website stellt eine automatische Zustimmung zu diesen Bedingungen.<\/p><h2 class=\"wp-block-heading\">Korrekturen<\/h2><p><span class=\"\">Immodxxb Properties LLC ist nicht verpflichtet, das auf der Website enthaltene Material zu korrigieren, zu aktualisieren oder anderweitig zu \u00e4ndern. Obwohl Immodxxb Properties LLC immer alles in ihrer Macht stehende tut, um sicherzustellen, dass die Informationen auf der Website aktuell und korrekt sind, k\u00f6nnen sowohl typographische als auch sachliche Fehler auftreten. Diese Fehler sind zuf\u00e4llig und Immodxxb Properties LLC kann nicht f\u00fcr sie verantwortlich gemacht werden. Immodxxb Properties LLC ist bestrebt, die Informationen so aktuell wie m\u00f6glich zu halten, kann aber nicht f\u00fcr diese Art von Material verantwortlich gemacht werden, wenn es veraltet ist.<\/span><\/p><h2 class=\"wp-block-heading\">Informationen<\/h2><p>Alle auf der Website von Immodxxb Properties LLC enthaltenen Informationen dienen ausschlie\u00dflich zu Informationszwecken. Keine Information auf der Immodxxb Properties LLC Website sollte als Ersatz f\u00fcr rechtliche, finanzielle oder andere Arten von Beratung angesehen werden. Personen, die eine Beratung in Immobilienangelegenheiten suchen, werden ermutigt, einen der erfahrenen Agenten des Immodxxb Properties LLC-Teams zu kontaktieren, wenn sie Informationen ben\u00f6tigen.<\/p><h2 class=\"wp-block-heading\">Urheberrechte \u00a9<\/h2><p>Alle Inhalte auf dieser Website, einschlie\u00dflich Fotos, Artikel und Inhalte, sind urheberrechtlich gesch\u00fctzt und geh\u00f6ren Unique Properties Broker. Jede kommerzielle Nutzung der Informationen auf der Immodxxb Properties LLC Website ist strengstens untersagt.<\/p><h2 class=\"wp-block-heading\">Unerw\u00fcnschte E-Mail<\/h2><p>Immodxxb Properties LLC verwendet keine unaufgeforderten Emails. Sie werden von Immodxxb Properties LLC nur dann kontaktiert, wenn Sie einem unserer Vertreter Ihre Daten zur Verf\u00fcgung gestellt haben, um den Kauf, Verkauf oder die Vermietung einer Immobilie zu erleichtern, oder wenn Sie uns Ihre Daten f\u00fcr andere Zwecke zur Verf\u00fcgung gestellt haben, wie z.B. f\u00fcr eine Karrierem\u00f6glichkeit innerhalb des Unternehmens.<\/p><p>Diese Bedingungen k\u00f6nnen sich \u00e4ndern. Etwaige \u00c4nderungen werden auf dieser Seite so schnell wie m\u00f6glich ohne weitere Benachrichtigung des Nutzers der Website aktualisiert.\u00a0<\/p>\t\t\t\t\t\t<\/div>\n\t\t\t\t<\/div>\n\t\t\t\t\t<\/div>\n\t\t<\/div>\n\t\t\t\t\t<\/div>\n\t\t<\/section>\n\t\t\t\t\t<\/div>\n\t\t<\/div>\n\t\t\t\t\t<\/div>\n\t\t<\/section>\n\t\t\t\t<\/div>","protected":false},"excerpt":{"rendered":"<p>Terms and Condition Our company, Immodxxb Properties LLC, provides this website for informational purposes only. The use of the website [&hellip;]<\/p>","protected":false},"author":1,"featured_media":0,"parent":0,"menu_order":0,"comment_status":"closed","ping_status":"closed","template":"","meta":{"site-sidebar-layout":"no-sidebar","site-content-layout":"","ast-site-content-layout":"full-width-container","site-content-style":"default","site-sidebar-style":"default","ast-global-header-display":"","ast-banner-title-visibility":"","ast-main-header-display":"","ast-hfb-above-header-display":"","ast-hfb-below-header-display":"","ast-hfb-mobile-header-display":"","site-post-title":"disabled","ast-breadcrumbs-content":"","ast-featured-img":"disabled","footer-sml-layout":"","theme-transparent-header-meta":"","adv-header-id-meta":"","stick-header-meta":"","header-above-stick-meta":"","header-main-stick-meta":"","header-below-stick-meta":"","astra-migrate-meta-layouts":"default","ast-page-background-enabled":"default","ast-page-background-meta":{"desktop":{"background-color":"var(--ast-global-color-4)","background-image":"","background-repeat":"repeat","background-position":"center center","background-size":"auto","background-attachment":"scroll","background-type":"","background-media":"","overlay-type":"","overlay-color":"","overlay-opacity":"","overlay-gradient":""},"tablet":{"background-color":"","background-image":"","background-repeat":"repeat","background-position":"center center","background-size":"auto","background-attachment":"scroll","background-type":"","background-media":"","overlay-type":"","overlay-color":"","overlay-opacity":"","overlay-gradient":""},"mobile":{"background-color":"","background-image":"","background-repeat":"repeat","background-position":"center center","background-size":"auto","background-attachment":"scroll","background-type":"","background-media":"","overlay-type":"","overlay-color":"","overlay-opacity":"","overlay-gradient":""}},"ast-content-background-meta":{"desktop":{"background-color":"var(--ast-global-color-5)","background-image":"","background-repeat":"repeat","background-position":"center center","background-size":"auto","background-attachment":"scroll","background-type":"","background-media":"","overlay-type":"","overlay-color":"","overlay-opacity":"","overlay-gradient":""},"tablet":{"background-color":"var(--ast-global-color-5)","background-image":"","background-repeat":"repeat","background-position":"center center","background-size":"auto","background-attachment":"scroll","background-type":"","background-media":"","overlay-type":"","overlay-color":"","overlay-opacity":"","overlay-gradient":""},"mobile":{"background-color":"var(--ast-global-color-5)","background-image":"","background-repeat":"repeat","background-position":"center center","background-size":"auto","background-attachment":"scroll","background-type":"","background-media":"","overlay-type":"","overlay-color":"","overlay-opacity":"","overlay-gradient":""}},"footnotes":""},"class_list":["post-302","page","type-page","status-publish","hentry"],"_links":{"self":[{"href":"https:\/\/refidxb.com\/de\/wp-json\/wp\/v2\/pages\/302"}],"collection":[{"href":"https:\/\/refidxb.com\/de\/wp-json\/wp\/v2\/pages"}],"about":[{"href":"https:\/\/refidxb.com\/de\/wp-json\/wp\/v2\/types\/page"}],"author":[{"embeddable":true,"href":"https:\/\/refidxb.com\/de\/wp-json\/wp\/v2\/users\/1"}],"replies":[{"embeddable":true,"href":"https:\/\/refidxb.com\/de\/wp-json\/wp\/v2\/comments?post=302"}],"version-history":[{"count":7,"href":"https:\/\/refidxb.com\/de\/wp-json\/wp\/v2\/pages\/302\/revisions"}],"predecessor-version":[{"id":449,"href":"https:\/\/refidxb.com\/de\/wp-json\/wp\/v2\/pages\/302\/revisions\/449"}],"wp:attachment":[{"href":"https:\/\/refidxb.com\/de\/wp-json\/wp\/v2\/media?parent=302"}],"curies":[{"name":"wp","href":"https:\/\/api.w.org\/{rel}","templated":true}]}}